{"id":3133,"date":"2017-01-03T16:25:21","date_gmt":"2017-01-03T16:25:21","guid":{"rendered":"http:\/\/work.udx.pl\/reform\/oferta\/"},"modified":"2024-10-22T20:20:03","modified_gmt":"2024-10-22T18:20:03","slug":"offer","status":"publish","type":"page","link":"https:\/\/reformarchitekt.pl\/en\/offer\/","title":{"rendered":"Offer"},"content":{"rendered":"<div class=\"wpb-content-wrapper\"><p>[vc_row full_width=&#8221;stretch_row_content_no_spaces&#8221;][vc_column][vc_banner_title color_style=&#8221;light&#8221; subtitle=&#8221;OFFER&#8221; title=&#8221;Unusual solutions&#8221; img=&#8221;7892&#8243; enable_overlay=&#8221;true&#8221; enable_fullheight=&#8221;true&#8221; el_class=&#8221;offer-new-background&#8221; columns=&#8221;%5B%7B%7D%5D&#8221;][\/vc_banner_title][\/vc_column][\/vc_row][vc_row content_placement=&#8221;middle&#8221; desctop_mt=&#8221;margin-lg-60t&#8221; tablets_mt=&#8221;margin-sm-70t&#8221;][vc_column width=&#8221;1\/2&#8243; desctop_mt=&#8221;margin-lg-65t&#8221; tablets_mt=&#8221;margin-sm-0t&#8221; offset=&#8221;vc_col-lg-offset-0 vc_col-lg-4 vc_col-md-offset-0 vc_col-md-5 vc_col-sm-offset-3 vc_col-xs-12&#8243;][vc_team team_style=&#8221;simple&#8221; image=&#8221;6708&#8243; el_class=&#8221;desktop-only&#8221;][vc_team team_style=&#8221;simple&#8221; image=&#8221;6708&#8243; el_class=&#8221;mobile-only&#8221;][\/vc_column][vc_column desctop_mt=&#8221;margin-lg-0t&#8221; tablets_mt=&#8221;margin-sm-20t&#8221; mobile_mt=&#8221;margin-xs-20t&#8221; offset=&#8221;vc_col-lg-offset-1 vc_col-lg-7 vc_col-md-offset-0 vc_col-md-7 vc_col-sm-offset-0 vc_col-xs-12&#8243;][vc_headings title=&#8221;How I work&#8221;]Before I start work on a project &#8211; I always need to see the place where the block is to stand. Many factors influence what the final design will look like, including the surroundings. I care that the object fits in with what surrounds it and creates a coherent whole.<\/p>\n<p>The next step for me is to look for inspiration, which I never treat one-to-one. I always try to translate them into architectural language and make sure that they are not directly interpreted. This makes each of my projects so different, non-obvious and perfect in every way.<\/p>\n<p>The projects that are created in my studio are exactly those with which I identify myself. I never design against what I like and what I feel.[\/vc_headings][\/vc_column][\/vc_row][vc_row full_width=&#8221;stretch_row_content_no_spaces&#8221; desctop_mt=&#8221;margin-lg-70t&#8221; tablets_mt=&#8221;margin-sm-50t&#8221;][vc_column][vc_wrapper title=&#8221;What do we do&#8221; subtitle=&#8221;OFFER&#8221; image=&#8221;6702&#8243; color_style=&#8221;light&#8221; el_class=&#8221;what-we-do&#8221;][vc_projects_posts templates=&#8221;services&#8221; post_type=&#8221;services&#8221; total_columns=&#8221;prague_count_col2&#8243; gap_columns=&#8221;prague_gap_col15&#8243; posts_per_page=&#8221;6&#8243; button_link_class=&#8221;prague-services-link a-btn-2 creative&#8221; button_span_class=&#8221;a-btn-line&#8221; button_style=&#8221;creative&#8221;][\/vc_wrapper][\/vc_column][\/vc_row]<\/p>\n<\/div>","protected":false},"excerpt":{"rendered":"<p>[vc_row full_width=&#8221;stretch_row_content_no_spaces&#8221;][vc_column][vc_banner_title color_style=&#8221;light&#8221; subtitle=&#8221;OFFER&#8221; title=&#8221;Unusual solutions&#8221; img=&#8221;7892&#8243; enable_overlay=&#8221;true&#8221; enable_fullheight=&#8221;true&#8221; el_class=&#8221;offer-new-background&#8221; columns=&#8221;%5B%7B%7D%5D&#8221;][\/vc_banner_title][\/vc_column][\/vc_row][vc_row content_placement=&#8221;middle&#8221; desctop_mt=&#8221;margin-lg-60t&#8221; tablets_mt=&#8221;margin-sm-70t&#8221;][vc_column width=&#8221;1\/2&#8243; desctop_mt=&#8221;margin-lg-65t&#8221; tablets_mt=&#8221;margin-sm-0t&#8221; offset=&#8221;vc_col-lg-offset-0 vc_col-lg-4 vc_col-md-offset-0<\/p>\n","protected":false},"author":1,"featured_media":0,"parent":0,"menu_order":0,"comment_status":"closed","ping_status":"closed","template":"","meta":{"_acf_changed":false,"footnotes":""},"class_list":["post-3133","page","type-page","status-publish","hentry"],"acf":[],"yoast_head":"<!-- This site is optimized with the Yoast SEO plugin v27.3 - https:\/\/yoast.com\/product\/yoast-seo-wordpress\/ -->\n<title>Offer - \ud83c\udf12 REFORM ARCHITEKT biuro projektowe architektoniczne projekty dom\u00f3w jednorodzinnych \u0141\u00f3d\u017a<\/title>\n<meta name=\"robots\" content=\"index, follow, max-snippet:-1, max-image-preview:large, max-video-preview:-1\" \/>\n<link rel=\"canonical\" href=\"https:\/\/reformarchitekt.pl\/en\/offer\/\" \/>\n<meta property=\"og:locale\" content=\"en_US\" \/>\n<meta property=\"og:type\" content=\"article\" \/>\n<meta property=\"og:title\" content=\"Offer - \ud83c\udf12 REFORM ARCHITEKT biuro projektowe architektoniczne projekty dom\u00f3w jednorodzinnych \u0141\u00f3d\u017a\" \/>\n<meta property=\"og:description\" content=\"[vc_row full_width=&#8221;stretch_row_content_no_spaces&#8221;][vc_column][vc_banner_title color_style=&#8221;light&#8221; subtitle=&#8221;OFFER&#8221; title=&#8221;Unusual solutions&#8221; img=&#8221;7892&#8243; enable_overlay=&#8221;true&#8221; enable_fullheight=&#8221;true&#8221; el_class=&#8221;offer-new-background&#8221; columns=&#8221;%5B%7B%7D%5D&#8221;][\/vc_banner_title][\/vc_column][\/vc_row][vc_row content_placement=&#8221;middle&#8221; desctop_mt=&#8221;margin-lg-60t&#8221; tablets_mt=&#8221;margin-sm-70t&#8221;][vc_column width=&#8221;1\/2&#8243; desctop_mt=&#8221;margin-lg-65t&#8221; tablets_mt=&#8221;margin-sm-0t&#8221; offset=&#8221;vc_col-lg-offset-0 vc_col-lg-4 vc_col-md-offset-0\" \/>\n<meta property=\"og:url\" content=\"https:\/\/reformarchitekt.pl\/en\/offer\/\" \/>\n<meta property=\"og:site_name\" content=\"\ud83c\udf12 REFORM ARCHITEKT biuro projektowe architektoniczne projekty dom\u00f3w jednorodzinnych \u0141\u00f3d\u017a\" \/>\n<meta property=\"article:modified_time\" content=\"2024-10-22T18:20:03+00:00\" \/>\n<meta name=\"twitter:card\" content=\"summary_large_image\" \/>\n<meta name=\"twitter:label1\" content=\"Est. reading time\" \/>\n\t<meta name=\"twitter:data1\" content=\"2 minutes\" \/>\n<script type=\"application\/ld+json\" class=\"yoast-schema-graph\">{\"@context\":\"https:\\\/\\\/schema.org\",\"@graph\":[{\"@type\":\"WebPage\",\"@id\":\"https:\\\/\\\/reformarchitekt.pl\\\/en\\\/offer\\\/\",\"url\":\"https:\\\/\\\/reformarchitekt.pl\\\/en\\\/offer\\\/\",\"name\":\"Offer - \ud83c\udf12 REFORM ARCHITEKT biuro projektowe architektoniczne projekty dom\u00f3w jednorodzinnych \u0141\u00f3d\u017a\",\"isPartOf\":{\"@id\":\"https:\\\/\\\/reformarchitekt.pl\\\/en\\\/#website\"},\"datePublished\":\"2017-01-03T16:25:21+00:00\",\"dateModified\":\"2024-10-22T18:20:03+00:00\",\"breadcrumb\":{\"@id\":\"https:\\\/\\\/reformarchitekt.pl\\\/en\\\/offer\\\/#breadcrumb\"},\"inLanguage\":\"en-US\",\"potentialAction\":[{\"@type\":\"ReadAction\",\"target\":[\"https:\\\/\\\/reformarchitekt.pl\\\/en\\\/offer\\\/\"]}]},{\"@type\":\"BreadcrumbList\",\"@id\":\"https:\\\/\\\/reformarchitekt.pl\\\/en\\\/offer\\\/#breadcrumb\",\"itemListElement\":[{\"@type\":\"ListItem\",\"position\":1,\"name\":\"Strona g\u0142\u00f3wna\",\"item\":\"https:\\\/\\\/reformarchitekt.pl\\\/en\\\/\"},{\"@type\":\"ListItem\",\"position\":2,\"name\":\"Offer\"}]},{\"@type\":\"WebSite\",\"@id\":\"https:\\\/\\\/reformarchitekt.pl\\\/en\\\/#website\",\"url\":\"https:\\\/\\\/reformarchitekt.pl\\\/en\\\/\",\"name\":\"\ud83c\udf12 REFORM ARCHITEKT biuro projektowe architektoniczne projekty dom\u00f3w jednorodzinnych \u0141\u00f3d\u017a\",\"description\":\"\",\"potentialAction\":[{\"@type\":\"SearchAction\",\"target\":{\"@type\":\"EntryPoint\",\"urlTemplate\":\"https:\\\/\\\/reformarchitekt.pl\\\/en\\\/?s={search_term_string}\"},\"query-input\":{\"@type\":\"PropertyValueSpecification\",\"valueRequired\":true,\"valueName\":\"search_term_string\"}}],\"inLanguage\":\"en-US\"}]}<\/script>\n<!-- \/ Yoast SEO plugin. -->","yoast_head_json":{"title":"Offer - \ud83c\udf12 REFORM ARCHITEKT biuro projektowe architektoniczne projekty dom\u00f3w jednorodzinnych \u0141\u00f3d\u017a","robots":{"index":"index","follow":"follow","max-snippet":"max-snippet:-1","max-image-preview":"max-image-preview:large","max-video-preview":"max-video-preview:-1"},"canonical":"https:\/\/reformarchitekt.pl\/en\/offer\/","og_locale":"en_US","og_type":"article","og_title":"Offer - \ud83c\udf12 REFORM ARCHITEKT biuro projektowe architektoniczne projekty dom\u00f3w jednorodzinnych \u0141\u00f3d\u017a","og_description":"[vc_row full_width=&#8221;stretch_row_content_no_spaces&#8221;][vc_column][vc_banner_title color_style=&#8221;light&#8221; subtitle=&#8221;OFFER&#8221; title=&#8221;Unusual solutions&#8221; img=&#8221;7892&#8243; enable_overlay=&#8221;true&#8221; enable_fullheight=&#8221;true&#8221; el_class=&#8221;offer-new-background&#8221; columns=&#8221;%5B%7B%7D%5D&#8221;][\/vc_banner_title][\/vc_column][\/vc_row][vc_row content_placement=&#8221;middle&#8221; desctop_mt=&#8221;margin-lg-60t&#8221; tablets_mt=&#8221;margin-sm-70t&#8221;][vc_column width=&#8221;1\/2&#8243; desctop_mt=&#8221;margin-lg-65t&#8221; tablets_mt=&#8221;margin-sm-0t&#8221; offset=&#8221;vc_col-lg-offset-0 vc_col-lg-4 vc_col-md-offset-0","og_url":"https:\/\/reformarchitekt.pl\/en\/offer\/","og_site_name":"\ud83c\udf12 REFORM ARCHITEKT biuro projektowe architektoniczne projekty dom\u00f3w jednorodzinnych \u0141\u00f3d\u017a","article_modified_time":"2024-10-22T18:20:03+00:00","twitter_card":"summary_large_image","twitter_misc":{"Est. reading time":"2 minutes"},"schema":{"@context":"https:\/\/schema.org","@graph":[{"@type":"WebPage","@id":"https:\/\/reformarchitekt.pl\/en\/offer\/","url":"https:\/\/reformarchitekt.pl\/en\/offer\/","name":"Offer - \ud83c\udf12 REFORM ARCHITEKT biuro projektowe architektoniczne projekty dom\u00f3w jednorodzinnych \u0141\u00f3d\u017a","isPartOf":{"@id":"https:\/\/reformarchitekt.pl\/en\/#website"},"datePublished":"2017-01-03T16:25:21+00:00","dateModified":"2024-10-22T18:20:03+00:00","breadcrumb":{"@id":"https:\/\/reformarchitekt.pl\/en\/offer\/#breadcrumb"},"inLanguage":"en-US","potentialAction":[{"@type":"ReadAction","target":["https:\/\/reformarchitekt.pl\/en\/offer\/"]}]},{"@type":"BreadcrumbList","@id":"https:\/\/reformarchitekt.pl\/en\/offer\/#breadcrumb","itemListElement":[{"@type":"ListItem","position":1,"name":"Strona g\u0142\u00f3wna","item":"https:\/\/reformarchitekt.pl\/en\/"},{"@type":"ListItem","position":2,"name":"Offer"}]},{"@type":"WebSite","@id":"https:\/\/reformarchitekt.pl\/en\/#website","url":"https:\/\/reformarchitekt.pl\/en\/","name":"\ud83c\udf12 REFORM ARCHITEKT biuro projektowe architektoniczne projekty dom\u00f3w jednorodzinnych \u0141\u00f3d\u017a","description":"","potentialAction":[{"@type":"SearchAction","target":{"@type":"EntryPoint","urlTemplate":"https:\/\/reformarchitekt.pl\/en\/?s={search_term_string}"},"query-input":{"@type":"PropertyValueSpecification","valueRequired":true,"valueName":"search_term_string"}}],"inLanguage":"en-US"}]}},"_links":{"self":[{"href":"https:\/\/reformarchitekt.pl\/en\/wp-json\/wp\/v2\/pages\/3133","targetHints":{"allow":["GET"]}}],"collection":[{"href":"https:\/\/reformarchitekt.pl\/en\/wp-json\/wp\/v2\/pages"}],"about":[{"href":"https:\/\/reformarchitekt.pl\/en\/wp-json\/wp\/v2\/types\/page"}],"author":[{"embeddable":true,"href":"https:\/\/reformarchitekt.pl\/en\/wp-json\/wp\/v2\/users\/1"}],"replies":[{"embeddable":true,"href":"https:\/\/reformarchitekt.pl\/en\/wp-json\/wp\/v2\/comments?post=3133"}],"version-history":[{"count":26,"href":"https:\/\/reformarchitekt.pl\/en\/wp-json\/wp\/v2\/pages\/3133\/revisions"}],"predecessor-version":[{"id":7900,"href":"https:\/\/reformarchitekt.pl\/en\/wp-json\/wp\/v2\/pages\/3133\/revisions\/7900"}],"wp:attachment":[{"href":"https:\/\/reformarchitekt.pl\/en\/wp-json\/wp\/v2\/media?parent=3133"}],"curies":[{"name":"wp","href":"https:\/\/api.w.org\/{rel}","templated":true}]}}