{"id":3127,"date":"2017-01-03T16:30:07","date_gmt":"2017-01-03T16:30:07","guid":{"rendered":"http:\/\/work.udx.pl\/reform\/studio\/"},"modified":"2024-10-22T17:35:49","modified_gmt":"2024-10-22T15:35:49","slug":"studio","status":"publish","type":"page","link":"https:\/\/reformarchitekt.pl\/en\/studio\/","title":{"rendered":"Studio"},"content":{"rendered":"<div class=\"wpb-content-wrapper\"><p>[vc_row full_width=&#8221;stretch_row_content_no_spaces&#8221;][vc_column][vc_banner_title color_style=&#8221;light&#8221; subtitle=&#8221;MARCIN TOMASZEWSKI&#8221; title=&#8221;&#8220;I do not ask too much of myself and others. Only 100% perfection&#8220;&#8221; img=&#8221;6687&#8243; enable_overlay=&#8221;true&#8221; enable_fullheight=&#8221;true&#8221; el_class=&#8221;studio-background&#8221; columns=&#8221;%5B%7B%7D%5D&#8221;][\/vc_banner_title][\/vc_column][\/vc_row][vc_row content_placement=&#8221;middle&#8221; desctop_mt=&#8221;margin-lg-40t&#8221; tablets_mt=&#8221;margin-sm-70t&#8221;][vc_column width=&#8221;2\/3&#8243; tablets_mt=&#8221;margin-sm-0t&#8221; offset=&#8221;vc_col-lg-4 vc_col-md-offset-0 vc_col-md-5 vc_col-sm-offset-2 vc_col-xs-12&#8243;][vc_team team_style=&#8221;simple&#8221; image=&#8221;6678&#8243; stroke_width=&#8221;15&#8243; height=&#8221;465&#8243; enable_animated=&#8221;true&#8221;][\/vc_column][vc_column tablets_mt=&#8221;margin-sm-20t&#8221; offset=&#8221;vc_col-lg-offset-1 vc_col-lg-7 vc_col-md-offset-0 vc_col-md-7 vc_col-sm-offset-0 vc_col-xs-12&#8243;][vc_headings subtitle=&#8221;OWNER, ARCHITECT&#8221; title=&#8221;Marcin Tomaszewski&#8221;]I feel that I have always been involved with architecture. When I was still a small child, I used to notice garish buildings or drab, grey buildings. Even then I could imagine what could be built in their place. Architecture was written for me. I decided to stay in \u0141\u00f3d\u017a for good. This city is addictive and gives unlimited possibilities to create. I have remained faithful to it even in my visual identity.<\/p>\n<p>How do I design? I can&#8217;t imagine starting a project without first seeing the place where a given building is going to be constructed. That&#8217;s when I get inspired by what&#8217;s around, and thanks to that I very often already have a first sketch of a solid concept. I draw inspiration from my surroundings. I observe, listen, feel and then create. Thanks to that, I always meet the client&#8217;s expectations. In architecture, we are limited only by our imagination.<\/p>\n<p>In my portfolio, there are hundreds of completed projects, mainly residential buildings, because it is these objects that are the greatest challenge and satisfaction for me when they are created. Each project by REFORM Architekt begins with the name: &#8220;RE: &#8230;&#8221; which means &#8220;responding to clients&#8217; needs&#8221;, because my projects are what my clients need.[\/vc_headings][\/vc_column][\/vc_row][vc_row content_placement=&#8221;middle&#8221; el_class=&#8221;reverse-mobile&#8221;][vc_column width=&#8221;2\/3&#8243; tablets_mt=&#8221;margin-sm-0t&#8221; offset=&#8221;vc_col-lg-7 vc_col-md-offset-0 vc_col-md-7 vc_col-sm-offset-2 vc_col-xs-12&#8243;][vc_headings subtitle=&#8221;STUDIO&#8221; title=&#8221;REFORM Architekt&#8221;]REFORM Architekt studio was founded in 2010 in Lodz. I specialize in designing residential and commercial buildings such as office buildings.<br \/>\nThe whole structure of project management and cooperation with the client is based on me. It is extremely important to me that every client has contact with me from the beginning to the end of the project along with its implementation. I understand my clients&#8217; needs, so very often these first architectural concepts are already accepted by them. My team complements this by supporting me at subsequent stages, which is possible due to the very narrow specialisation of each person. Thanks to this, the studio runs like a well-oiled machine.<\/p>\n<p>REFORM Architect is me. Each project that leaves the walls of my office is 100% what I like and what I want to sign. Clients who come to REFORM Architekt come to me. To Marcin Tomaszewski.[\/vc_headings][\/vc_column][vc_column width=&#8221;1\/3&#8243; tablets_mt=&#8221;margin-sm-20t&#8221; offset=&#8221;vc_col-lg-offset-1 vc_col-lg-4 vc_col-md-offset-0 vc_col-md-5 vc_col-sm-offset-0 vc_col-xs-12&#8243;][vc_team team_style=&#8221;simple&#8221; image=&#8221;6699&#8243; stroke_width=&#8221;15&#8243; height=&#8221;465&#8243; enable_animated=&#8221;true&#8221; el_class=&#8221;desktop-only&#8221;][vc_team team_style=&#8221;simple&#8221; image=&#8221;6699&#8243; stroke_width=&#8221;15&#8243; height=&#8221;465&#8243; enable_animated=&#8221;true&#8221; el_class=&#8221;mobile-only&#8221;][\/vc_column][\/vc_row][vc_row content_placement=&#8221;middle&#8221; desctop_mt=&#8221;margin-lg-40t&#8221; tablets_mt=&#8221;margin-sm-70t&#8221;][vc_column width=&#8221;2\/3&#8243; tablets_mt=&#8221;margin-sm-0t&#8221; offset=&#8221;vc_col-lg-4 vc_col-md-offset-0 vc_col-md-5 vc_col-sm-offset-2 vc_col-xs-12&#8243;][vc_team team_style=&#8221;simple&#8221; image=&#8221;6697&#8243; stroke_width=&#8221;15&#8243; height=&#8221;465&#8243; enable_animated=&#8221;true&#8221;][\/vc_column][vc_column tablets_mt=&#8221;margin-sm-20t&#8221; offset=&#8221;vc_col-lg-offset-1 vc_col-lg-7 vc_col-md-offset-0 vc_col-md-7 vc_col-sm-offset-0 vc_col-xs-12&#8243;][vc_headings subtitle=&#8221;IDENTIFICATION&#8221; title=&#8221;Lodz&#8221;]My professional path is connected with Lodz from the very beginning. It is where I studied and took my first steps in the profession. Today, it is where I carry out most of my residential and commercial projects.<\/p>\n<p>Lodz evokes extreme emotions. It inspires me. It inspires me in every aspect &#8211; the modern one as well as the one where the walls of tenement houses still remember the golden era of the textile mills&#8217; town. This is where you can find the best examples of industrialism in architecture. When I was creating the new identity for my studio, I wanted to focus strongly on what&#8217;s related to Lodz &#8211; its symbolism.<\/p>\n<p>The unicorn. So obvious and yet so perverse. Its appearance on the map of Lodz, in its central point, caused a stir. This is where I caught the synergy with my projects. They are not clich\u00e9d, predictable, you cannot pass by them indifferently. Today it&#8217;s a symbol not only of Lodz, but also of REFORM Architekt.[\/vc_headings][\/vc_column][\/vc_row]<\/p>\n<\/div>","protected":false},"excerpt":{"rendered":"<p>[vc_row full_width=&#8221;stretch_row_content_no_spaces&#8221;][vc_column][vc_banner_title color_style=&#8221;light&#8221; subtitle=&#8221;MARCIN TOMASZEWSKI&#8221; title=&#8221;&#8220;I do not ask too much of myself and others. Only 100% perfection&#8220;&#8221; img=&#8221;6687&#8243; enable_overlay=&#8221;true&#8221;<\/p>\n","protected":false},"author":1,"featured_media":0,"parent":0,"menu_order":0,"comment_status":"closed","ping_status":"closed","template":"","meta":{"_acf_changed":false,"footnotes":""},"class_list":["post-3127","page","type-page","status-publish","hentry"],"acf":[],"yoast_head":"<!-- This site is optimized with the Yoast SEO plugin v27.3 - https:\/\/yoast.com\/product\/yoast-seo-wordpress\/ -->\n<title>Studio - \ud83c\udf12 REFORM ARCHITEKT biuro projektowe architektoniczne projekty dom\u00f3w jednorodzinnych \u0141\u00f3d\u017a<\/title>\n<meta name=\"robots\" content=\"index, follow, max-snippet:-1, max-image-preview:large, max-video-preview:-1\" \/>\n<link rel=\"canonical\" href=\"https:\/\/reformarchitekt.pl\/en\/studio\/\" \/>\n<meta property=\"og:locale\" content=\"en_US\" \/>\n<meta property=\"og:type\" content=\"article\" \/>\n<meta property=\"og:title\" content=\"Studio - \ud83c\udf12 REFORM ARCHITEKT biuro projektowe architektoniczne projekty dom\u00f3w jednorodzinnych \u0141\u00f3d\u017a\" \/>\n<meta property=\"og:description\" content=\"[vc_row full_width=&#8221;stretch_row_content_no_spaces&#8221;][vc_column][vc_banner_title color_style=&#8221;light&#8221; subtitle=&#8221;MARCIN TOMASZEWSKI&#8221; title=&#8221;&#8220;I do not ask too much of myself and others. Only 100% perfection&#8220;&#8221; img=&#8221;6687&#8243; enable_overlay=&#8221;true&#8221;\" \/>\n<meta property=\"og:url\" content=\"https:\/\/reformarchitekt.pl\/en\/studio\/\" \/>\n<meta property=\"og:site_name\" content=\"\ud83c\udf12 REFORM ARCHITEKT biuro projektowe architektoniczne projekty dom\u00f3w jednorodzinnych \u0141\u00f3d\u017a\" \/>\n<meta property=\"article:modified_time\" content=\"2024-10-22T15:35:49+00:00\" \/>\n<meta name=\"twitter:card\" content=\"summary_large_image\" \/>\n<meta name=\"twitter:label1\" content=\"Est. reading time\" \/>\n\t<meta name=\"twitter:data1\" content=\"5 minutes\" \/>\n<script type=\"application\/ld+json\" class=\"yoast-schema-graph\">{\"@context\":\"https:\\\/\\\/schema.org\",\"@graph\":[{\"@type\":\"WebPage\",\"@id\":\"https:\\\/\\\/reformarchitekt.pl\\\/en\\\/studio\\\/\",\"url\":\"https:\\\/\\\/reformarchitekt.pl\\\/en\\\/studio\\\/\",\"name\":\"Studio - \ud83c\udf12 REFORM ARCHITEKT biuro projektowe architektoniczne projekty dom\u00f3w jednorodzinnych \u0141\u00f3d\u017a\",\"isPartOf\":{\"@id\":\"https:\\\/\\\/reformarchitekt.pl\\\/en\\\/#website\"},\"datePublished\":\"2017-01-03T16:30:07+00:00\",\"dateModified\":\"2024-10-22T15:35:49+00:00\",\"breadcrumb\":{\"@id\":\"https:\\\/\\\/reformarchitekt.pl\\\/en\\\/studio\\\/#breadcrumb\"},\"inLanguage\":\"en-US\",\"potentialAction\":[{\"@type\":\"ReadAction\",\"target\":[\"https:\\\/\\\/reformarchitekt.pl\\\/en\\\/studio\\\/\"]}]},{\"@type\":\"BreadcrumbList\",\"@id\":\"https:\\\/\\\/reformarchitekt.pl\\\/en\\\/studio\\\/#breadcrumb\",\"itemListElement\":[{\"@type\":\"ListItem\",\"position\":1,\"name\":\"Strona g\u0142\u00f3wna\",\"item\":\"https:\\\/\\\/reformarchitekt.pl\\\/en\\\/\"},{\"@type\":\"ListItem\",\"position\":2,\"name\":\"Studio\"}]},{\"@type\":\"WebSite\",\"@id\":\"https:\\\/\\\/reformarchitekt.pl\\\/en\\\/#website\",\"url\":\"https:\\\/\\\/reformarchitekt.pl\\\/en\\\/\",\"name\":\"\ud83c\udf12 REFORM ARCHITEKT biuro projektowe architektoniczne projekty dom\u00f3w jednorodzinnych \u0141\u00f3d\u017a\",\"description\":\"\",\"potentialAction\":[{\"@type\":\"SearchAction\",\"target\":{\"@type\":\"EntryPoint\",\"urlTemplate\":\"https:\\\/\\\/reformarchitekt.pl\\\/en\\\/?s={search_term_string}\"},\"query-input\":{\"@type\":\"PropertyValueSpecification\",\"valueRequired\":true,\"valueName\":\"search_term_string\"}}],\"inLanguage\":\"en-US\"}]}<\/script>\n<!-- \/ Yoast SEO plugin. -->","yoast_head_json":{"title":"Studio - \ud83c\udf12 REFORM ARCHITEKT biuro projektowe architektoniczne projekty dom\u00f3w jednorodzinnych \u0141\u00f3d\u017a","robots":{"index":"index","follow":"follow","max-snippet":"max-snippet:-1","max-image-preview":"max-image-preview:large","max-video-preview":"max-video-preview:-1"},"canonical":"https:\/\/reformarchitekt.pl\/en\/studio\/","og_locale":"en_US","og_type":"article","og_title":"Studio - \ud83c\udf12 REFORM ARCHITEKT biuro projektowe architektoniczne projekty dom\u00f3w jednorodzinnych \u0141\u00f3d\u017a","og_description":"[vc_row full_width=&#8221;stretch_row_content_no_spaces&#8221;][vc_column][vc_banner_title color_style=&#8221;light&#8221; subtitle=&#8221;MARCIN TOMASZEWSKI&#8221; title=&#8221;&#8220;I do not ask too much of myself and others. Only 100% perfection&#8220;&#8221; img=&#8221;6687&#8243; enable_overlay=&#8221;true&#8221;","og_url":"https:\/\/reformarchitekt.pl\/en\/studio\/","og_site_name":"\ud83c\udf12 REFORM ARCHITEKT biuro projektowe architektoniczne projekty dom\u00f3w jednorodzinnych \u0141\u00f3d\u017a","article_modified_time":"2024-10-22T15:35:49+00:00","twitter_card":"summary_large_image","twitter_misc":{"Est. reading time":"5 minutes"},"schema":{"@context":"https:\/\/schema.org","@graph":[{"@type":"WebPage","@id":"https:\/\/reformarchitekt.pl\/en\/studio\/","url":"https:\/\/reformarchitekt.pl\/en\/studio\/","name":"Studio - \ud83c\udf12 REFORM ARCHITEKT biuro projektowe architektoniczne projekty dom\u00f3w jednorodzinnych \u0141\u00f3d\u017a","isPartOf":{"@id":"https:\/\/reformarchitekt.pl\/en\/#website"},"datePublished":"2017-01-03T16:30:07+00:00","dateModified":"2024-10-22T15:35:49+00:00","breadcrumb":{"@id":"https:\/\/reformarchitekt.pl\/en\/studio\/#breadcrumb"},"inLanguage":"en-US","potentialAction":[{"@type":"ReadAction","target":["https:\/\/reformarchitekt.pl\/en\/studio\/"]}]},{"@type":"BreadcrumbList","@id":"https:\/\/reformarchitekt.pl\/en\/studio\/#breadcrumb","itemListElement":[{"@type":"ListItem","position":1,"name":"Strona g\u0142\u00f3wna","item":"https:\/\/reformarchitekt.pl\/en\/"},{"@type":"ListItem","position":2,"name":"Studio"}]},{"@type":"WebSite","@id":"https:\/\/reformarchitekt.pl\/en\/#website","url":"https:\/\/reformarchitekt.pl\/en\/","name":"\ud83c\udf12 REFORM ARCHITEKT biuro projektowe architektoniczne projekty dom\u00f3w jednorodzinnych \u0141\u00f3d\u017a","description":"","potentialAction":[{"@type":"SearchAction","target":{"@type":"EntryPoint","urlTemplate":"https:\/\/reformarchitekt.pl\/en\/?s={search_term_string}"},"query-input":{"@type":"PropertyValueSpecification","valueRequired":true,"valueName":"search_term_string"}}],"inLanguage":"en-US"}]}},"_links":{"self":[{"href":"https:\/\/reformarchitekt.pl\/en\/wp-json\/wp\/v2\/pages\/3127","targetHints":{"allow":["GET"]}}],"collection":[{"href":"https:\/\/reformarchitekt.pl\/en\/wp-json\/wp\/v2\/pages"}],"about":[{"href":"https:\/\/reformarchitekt.pl\/en\/wp-json\/wp\/v2\/types\/page"}],"author":[{"embeddable":true,"href":"https:\/\/reformarchitekt.pl\/en\/wp-json\/wp\/v2\/users\/1"}],"replies":[{"embeddable":true,"href":"https:\/\/reformarchitekt.pl\/en\/wp-json\/wp\/v2\/comments?post=3127"}],"version-history":[{"count":43,"href":"https:\/\/reformarchitekt.pl\/en\/wp-json\/wp\/v2\/pages\/3127\/revisions"}],"predecessor-version":[{"id":7889,"href":"https:\/\/reformarchitekt.pl\/en\/wp-json\/wp\/v2\/pages\/3127\/revisions\/7889"}],"wp:attachment":[{"href":"https:\/\/reformarchitekt.pl\/en\/wp-json\/wp\/v2\/media?parent=3127"}],"curies":[{"name":"wp","href":"https:\/\/api.w.org\/{rel}","templated":true}]}}